{"id":264,"date":"2023-06-21T09:46:46","date_gmt":"2023-06-21T09:46:46","guid":{"rendered":"https:\/\/chezmaman.ch\/?page_id=264"},"modified":"2024-01-18T18:42:04","modified_gmt":"2024-01-18T18:42:04","slug":"at-your-service","status":"publish","type":"page","link":"https:\/\/chezmaman.ch\/fr\/at-your-service\/","title":{"rendered":"A Votre Service"},"content":{"rendered":"<div data-elementor-type=\"wp-page\" data-elementor-id=\"264\" class=\"elementor elementor-264\">\n\t\t\t\t\t\t<section class=\"elementor-section elementor-top-section elementor-element elementor-element-467e9d7 elementor-section-boxed elementor-section-height-default elementor-section-height-default\" data-id=\"467e9d7\" data-element_type=\"section\" data-e-type=\"section\" data-settings=\"{&quot;background_background&quot;:&quot;classic&quot;}\">\n\t\t\t\t\t\t\t<div class=\"elementor-background-overlay\"><\/div>\n\t\t\t\t\t\t\t<div class=\"elementor-container elementor-column-gap-default\">\n\t\t\t\t\t<div class=\"elementor-column elementor-col-100 elementor-top-column elementor-element elementor-element-2ef9a16\" data-id=\"2ef9a16\" data-element_type=\"column\" data-e-type=\"column\">\n\t\t\t<div class=\"elementor-widget-wrap elementor-element-populated\">\n\t\t\t\t\t\t<div class=\"elementor-element elementor-element-65670c1 elementor-widget__width-auto elementor-invisible elementor-widget elementor-widget-heading\" data-id=\"65670c1\" data-element_type=\"widget\" data-e-type=\"widget\" data-settings=\"{&quot;_animation&quot;:&quot;fadeInLeft&quot;}\" data-widget_type=\"heading.default\">\n\t\t\t\t<div class=\"elementor-widget-container\">\n\t\t\t\t\t<h2 class=\"elementor-heading-title elementor-size-default\">A VOTRE SERVICE !<\/h2>\t\t\t\t<\/div>\n\t\t\t\t<\/div>\n\t\t\t\t\t<\/div>\n\t\t<\/div>\n\t\t\t\t\t<\/div>\n\t\t<\/section>\n\t\t\t\t<section class=\"elementor-section elementor-top-section elementor-element elementor-element-7bfeb5fe elementor-section-boxed elementor-section-height-default elementor-section-height-default\" data-id=\"7bfeb5fe\" data-element_type=\"section\" data-e-type=\"section\">\n\t\t\t\t\t\t\t<div class=\"elementor-background-overlay\"><\/div>\n\t\t\t\t\t\t\t<div class=\"elementor-container elementor-column-gap-default\">\n\t\t\t\t\t<div class=\"elementor-column elementor-col-100 elementor-top-column elementor-element elementor-element-24df3bd\" data-id=\"24df3bd\" data-element_type=\"column\" data-e-type=\"column\">\n\t\t\t<div class=\"elementor-widget-wrap elementor-element-populated\">\n\t\t\t\t\t\t<div class=\"elementor-element elementor-element-f8b2d02 elementor-widget elementor-widget-heading\" data-id=\"f8b2d02\" data-element_type=\"widget\" data-e-type=\"widget\" data-widget_type=\"heading.default\">\n\t\t\t\t<div class=\"elementor-widget-container\">\n\t\t\t\t\t<h2 class=\"elementor-heading-title elementor-size-default\">A VOTRE SERVICE !<\/h2>\t\t\t\t<\/div>\n\t\t\t\t<\/div>\n\t\t\t\t<div class=\"elementor-element elementor-element-7e15f8b4 elementor-widget__width-initial elementor-widget elementor-widget-text-editor\" data-id=\"7e15f8b4\" data-element_type=\"widget\" data-e-type=\"widget\" data-widget_type=\"text-editor.default\">\n\t\t\t\t<div class=\"elementor-widget-container\">\n\t\t\t\t\t\t\t\t\t<p>D\u00e9couvrez au jour le jour les \u00e9v\u00e9nements chez Chez Maman dans notre chaleureux et confortable h\u00f4tel-restaurant, ou, sur demande, pour des occasions sp\u00e9ciales.<\/p>\t\t\t\t\t\t\t\t<\/div>\n\t\t\t\t<\/div>\n\t\t\t\t<div class=\"elementor-element elementor-element-300db7da elementor-widget-divider--view-line_icon elementor-view-default elementor-widget-divider--element-align-center elementor-widget elementor-widget-divider\" data-id=\"300db7da\" data-element_type=\"widget\" data-e-type=\"widget\" data-widget_type=\"divider.default\">\n\t\t\t\t<div class=\"elementor-widget-container\">\n\t\t\t\t\t\t\t<div class=\"elementor-divider\">\n\t\t\t<span class=\"elementor-divider-separator\">\n\t\t\t\t\t\t\t<div class=\"elementor-icon elementor-divider__element\">\n\t\t\t\t\t<i aria-hidden=\"true\" class=\"icon icon-flower\"><\/i><\/div>\n\t\t\t\t\t\t<\/span>\n\t\t<\/div>\n\t\t\t\t\t\t<\/div>\n\t\t\t\t<\/div>\n\t\t\t\t\t<\/div>\n\t\t<\/div>\n\t\t\t\t\t<\/div>\n\t\t<\/section>\n\t\t\t\t<section class=\"elementor-section elementor-top-section elementor-element elementor-element-6ccf22b1 elementor-section-boxed elementor-section-height-default elementor-section-height-default\" data-id=\"6ccf22b1\" data-element_type=\"section\" data-e-type=\"section\" data-settings=\"{&quot;background_background&quot;:&quot;classic&quot;}\">\n\t\t\t\t\t\t\t<div class=\"elementor-background-overlay\"><\/div>\n\t\t\t\t\t\t\t<div class=\"elementor-container elementor-column-gap-default\">\n\t\t\t\t\t<div class=\"elementor-column elementor-col-100 elementor-top-column elementor-element elementor-element-6c199b06\" data-id=\"6c199b06\" data-element_type=\"column\" data-e-type=\"column\">\n\t\t\t<div class=\"elementor-widget-wrap elementor-element-populated\">\n\t\t\t\t\t\t<section class=\"elementor-section elementor-inner-section elementor-element elementor-element-b9636ca elementor-section-boxed elementor-section-height-default elementor-section-height-default\" data-id=\"b9636ca\" data-element_type=\"section\" data-e-type=\"section\">\n\t\t\t\t\t\t<div class=\"elementor-container elementor-column-gap-default\">\n\t\t\t\t\t<div class=\"elementor-column elementor-col-100 elementor-inner-column elementor-element elementor-element-1fedb9ff\" data-id=\"1fedb9ff\" data-element_type=\"column\" data-e-type=\"column\">\n\t\t\t<div class=\"elementor-widget-wrap elementor-element-populated\">\n\t\t\t\t\t\t<div class=\"elementor-element elementor-element-5b16e4a1 elementor-widget elementor-widget-heading\" data-id=\"5b16e4a1\" data-element_type=\"widget\" data-e-type=\"widget\" data-widget_type=\"heading.default\">\n\t\t\t\t<div class=\"elementor-widget-container\">\n\t\t\t\t\t<h2 class=\"elementor-heading-title elementor-size-default\">D\u00e9couvrez la joie de votre propre maison<\/h2>\t\t\t\t<\/div>\n\t\t\t\t<\/div>\n\t\t\t\t<div class=\"elementor-element elementor-element-1364080 elementor-widget elementor-widget-spacer\" data-id=\"1364080\" data-element_type=\"widget\" data-e-type=\"widget\" data-widget_type=\"spacer.default\">\n\t\t\t\t<div class=\"elementor-widget-container\">\n\t\t\t\t\t\t\t<div class=\"elementor-spacer\">\n\t\t\t<div class=\"elementor-spacer-inner\"><\/div>\n\t\t<\/div>\n\t\t\t\t\t\t<\/div>\n\t\t\t\t<\/div>\n\t\t\t\t\t<\/div>\n\t\t<\/div>\n\t\t\t\t\t<\/div>\n\t\t<\/section>\n\t\t\t\t<section class=\"elementor-section elementor-inner-section elementor-element elementor-element-6dbbb340 elementor-section-boxed elementor-section-height-default elementor-section-height-default\" data-id=\"6dbbb340\" data-element_type=\"section\" data-e-type=\"section\">\n\t\t\t\t\t\t<div class=\"elementor-container elementor-column-gap-default\">\n\t\t\t\t\t<div class=\"elementor-column elementor-col-50 elementor-inner-column elementor-element elementor-element-545c6b3c elementor-invisible\" data-id=\"545c6b3c\" data-element_type=\"column\" data-e-type=\"column\" data-settings=\"{&quot;animation&quot;:&quot;fadeInUp&quot;,&quot;animation_delay&quot;:720}\">\n\t\t\t<div class=\"elementor-widget-wrap elementor-element-populated\">\n\t\t\t\t\t\t<div class=\"elementor-element elementor-element-cdbc914 ekit-equal-height-disable elementor-widget elementor-widget-elementskit-image-box\" data-id=\"cdbc914\" data-element_type=\"widget\" data-e-type=\"widget\" data-widget_type=\"elementskit-image-box.default\">\n\t\t\t\t<div class=\"elementor-widget-container\">\n\t\t\t\t\t<div class=\"ekit-wid-con\" >\n            <div class=\"elementskit-info-image-box ekit-image-box text-left simple-card\" >\n\n                \n                <div class=\"elementskit-box-header image-box-img-left\">\n\n                    <img fetchpriority=\"high\" decoding=\"async\" width=\"1920\" height=\"779\" src=\"https:\/\/chezmaman.ch\/wp-content\/uploads\/2023\/06\/top-5-meilleurs-blogs-de-mariage-.jpg\" class=\"attachment-full size-full wp-image-341\" alt=\"top 5 meilleurs blogs de mariage\" srcset=\"https:\/\/chezmaman.ch\/wp-content\/uploads\/2023\/06\/top-5-meilleurs-blogs-de-mariage-.jpg 1920w, https:\/\/chezmaman.ch\/wp-content\/uploads\/2023\/06\/top-5-meilleurs-blogs-de-mariage--300x122.jpg 300w, https:\/\/chezmaman.ch\/wp-content\/uploads\/2023\/06\/top-5-meilleurs-blogs-de-mariage--1024x415.jpg 1024w, https:\/\/chezmaman.ch\/wp-content\/uploads\/2023\/06\/top-5-meilleurs-blogs-de-mariage--768x312.jpg 768w, https:\/\/chezmaman.ch\/wp-content\/uploads\/2023\/06\/top-5-meilleurs-blogs-de-mariage--1536x623.jpg 1536w, https:\/\/chezmaman.ch\/wp-content\/uploads\/2023\/06\/top-5-meilleurs-blogs-de-mariage--18x7.jpg 18w\" sizes=\"(max-width: 1920px) 100vw, 1920px\" \/>\n                <\/div>\n                \n                <div class=\"elementskit-box-body ekit-image-box-body\">\n                    <div class=\"elementskit-box-content ekit-image-box-body-inner\">\n                                                <h3 class=\"elementskit-info-box-title\">\n\n                        MARIAGE\n                        \n                    <\/h3>\n                                                            <div class=\"elementskit-box-style-content\">\n                        Le lieu de r\u00e9ception est la premi\u00e8re chose \u00e0 trouver apr\u00e8s la date lorsque vous vous engagez dans l\u2019organisation de votre mariage.\nDe ce choix d\u00e9pendra tout le reste et ce n\u2019est qu\u2019\u00e0 partir du moment o\u00f9 vous l\u2019aurez r\u00e9serv\u00e9 que vous pourrez commencer \u00e0 d\u00e9marcher les autres prestataires.\nChoisir son lieu de r\u00e9ception est donc une \u00e9tape importante en terme de planification, mais \u00e9galement en terme de style.\nLe lieu que vous aurez choisi donnera le ton de votre mariage et sera garant de son ambiance. \n\nChez Maman est unique et de ce fait tout est possible !\n\nNotre \u00e9quipe sera ravie de vous apporter les clefs d\u2019une organisation sans faille pour faire de cette journ\u00e9e une date m\u00e9morable.\n\nVous disposerez d\u2019un acc\u00e8s r\u00e9serv\u00e9 au restaurant, \u00e0 la terrasse ainsi qu\u2019\u00e0 toutes les chambres.                    <\/div>\n                                    <\/div>\n\n                                <div class=\"elementskit-box-footer\">\n                    <div class=\"box-footer\">\n                        <div class=\"btn-wraper\">\n                                                            <a href=\"mailto:info@chezmaman.ch\" class=\"elementskit-btn whitespace--normal\">\n                                    \n                                    \n                                    Contactez Nous                                <\/a>\n                                                        <\/div>\n                    <\/div>\n                <\/div>\n                            <\/div>\n            <\/div>\n    <\/div>\t\t\t\t<\/div>\n\t\t\t\t<\/div>\n\t\t\t\t\t<\/div>\n\t\t<\/div>\n\t\t\t\t<div class=\"elementor-column elementor-col-50 elementor-inner-column elementor-element elementor-element-78546d8a elementor-invisible\" data-id=\"78546d8a\" data-element_type=\"column\" data-e-type=\"column\" data-settings=\"{&quot;animation&quot;:&quot;fadeInUp&quot;,&quot;animation_delay&quot;:360}\">\n\t\t\t<div class=\"elementor-widget-wrap elementor-element-populated\">\n\t\t\t\t\t\t<div class=\"elementor-element elementor-element-4e4d4440 ekit-equal-height-disable elementor-widget elementor-widget-elementskit-image-box\" data-id=\"4e4d4440\" data-element_type=\"widget\" data-e-type=\"widget\" data-widget_type=\"elementskit-image-box.default\">\n\t\t\t\t<div class=\"elementor-widget-container\">\n\t\t\t\t\t<div class=\"ekit-wid-con\" >\n            <div class=\"elementskit-info-image-box ekit-image-box text-left simple-card\" >\n\n                \n                <div class=\"elementskit-box-header image-box-img-left\">\n\n                    <img decoding=\"async\" width=\"800\" height=\"480\" src=\"https:\/\/chezmaman.ch\/wp-content\/uploads\/2023\/06\/anniv.jpg\" class=\"attachment-full size-full wp-image-342\" alt=\"anniv\" srcset=\"https:\/\/chezmaman.ch\/wp-content\/uploads\/2023\/06\/anniv.jpg 800w, https:\/\/chezmaman.ch\/wp-content\/uploads\/2023\/06\/anniv-300x180.jpg 300w, https:\/\/chezmaman.ch\/wp-content\/uploads\/2023\/06\/anniv-768x461.jpg 768w, https:\/\/chezmaman.ch\/wp-content\/uploads\/2023\/06\/anniv-18x12.jpg 18w\" sizes=\"(max-width: 800px) 100vw, 800px\" \/>\n                <\/div>\n                \n                <div class=\"elementskit-box-body ekit-image-box-body\">\n                    <div class=\"elementskit-box-content ekit-image-box-body-inner\">\n                                                <h3 class=\"elementskit-info-box-title\">\n\n                        ANNIVERSAIRE\n                        \n                    <\/h3>\n                                                            <div class=\"elementskit-box-style-content\">\n                        Toute l\u2019\u00e9quipe de Chez Maman vous ouvre ses portes et se pr\u00eate au jeu pour vous organiser un anniversaire sur mesure !\nChez Maman c\u2019est un univers bucolique ! Une maison pour accueillir vos proches !\nOnze chambres pour profiter de faire la f\u00eate jusqu\u2019au bout de la nuit et garder les siens en s\u00e9curit\u00e9 sur place, un jardin, une magnifique terrasse, un chanteur accompagn\u00e9 de son piano, une \u00e9quipe aux petits soins et une ambiance cosy et chaleureuse.\n\nOrganisez vos anniversaires sur mesure et faites passer une soir\u00e9e inoubliable \u00e0 ce que vous aimez.                    <\/div>\n                                    <\/div>\n\n                                <div class=\"elementskit-box-footer\">\n                    <div class=\"box-footer\">\n                        <div class=\"btn-wraper\">\n                                                            <a href=\"mailto:info@chezmaman.ch\" class=\"elementskit-btn whitespace--normal\">\n                                    \n                                    \n                                    Contactez Nous                                <\/a>\n                                                        <\/div>\n                    <\/div>\n                <\/div>\n                            <\/div>\n            <\/div>\n    <\/div>\t\t\t\t<\/div>\n\t\t\t\t<\/div>\n\t\t\t\t\t<\/div>\n\t\t<\/div>\n\t\t\t\t\t<\/div>\n\t\t<\/section>\n\t\t\t\t<section class=\"elementor-section elementor-inner-section elementor-element elementor-element-91852c5 elementor-section-boxed elementor-section-height-default elementor-section-height-default\" data-id=\"91852c5\" data-element_type=\"section\" data-e-type=\"section\">\n\t\t\t\t\t\t<div class=\"elementor-container elementor-column-gap-default\">\n\t\t\t\t\t<div class=\"elementor-column elementor-col-50 elementor-inner-column elementor-element elementor-element-e6baf4e elementor-invisible\" data-id=\"e6baf4e\" data-element_type=\"column\" data-e-type=\"column\" data-settings=\"{&quot;animation&quot;:&quot;fadeInUp&quot;,&quot;animation_delay&quot;:360}\">\n\t\t\t<div class=\"elementor-widget-wrap elementor-element-populated\">\n\t\t\t\t\t\t<div class=\"elementor-element elementor-element-6e82f8f ekit-equal-height-disable elementor-widget elementor-widget-elementskit-image-box\" data-id=\"6e82f8f\" data-element_type=\"widget\" data-e-type=\"widget\" data-widget_type=\"elementskit-image-box.default\">\n\t\t\t\t<div class=\"elementor-widget-container\">\n\t\t\t\t\t<div class=\"ekit-wid-con\" >\n            <div class=\"elementskit-info-image-box ekit-image-box text-left simple-card\" >\n\n                \n                <div class=\"elementskit-box-header image-box-img-left\">\n\n                    <img decoding=\"async\" width=\"899\" height=\"408\" src=\"https:\/\/chezmaman.ch\/wp-content\/uploads\/2023\/06\/Bapteme-communion-899x408-1.jpg\" class=\"attachment-full size-full wp-image-344\" alt=\"Bapteme communion 899x408 1\" srcset=\"https:\/\/chezmaman.ch\/wp-content\/uploads\/2023\/06\/Bapteme-communion-899x408-1.jpg 899w, https:\/\/chezmaman.ch\/wp-content\/uploads\/2023\/06\/Bapteme-communion-899x408-1-300x136.jpg 300w, https:\/\/chezmaman.ch\/wp-content\/uploads\/2023\/06\/Bapteme-communion-899x408-1-768x349.jpg 768w, https:\/\/chezmaman.ch\/wp-content\/uploads\/2023\/06\/Bapteme-communion-899x408-1-18x8.jpg 18w\" sizes=\"(max-width: 899px) 100vw, 899px\" \/>\n                <\/div>\n                \n                <div class=\"elementskit-box-body ekit-image-box-body\">\n                    <div class=\"elementskit-box-content ekit-image-box-body-inner\">\n                                                <h3 class=\"elementskit-info-box-title\">\n\n                        COMMUNION\n                        \n                    <\/h3>\n                                                            <div class=\"elementskit-box-style-content\">\n                        La communion, c\u2019est le rendez-vous privil\u00e9gi\u00e9 de Dieu avec son \u00e9glise, elle a une signification spirituelle et \u00e9vang\u00e9lique d\u2019une grande richesse.\nLe sacrement de confirmation nous donne les dons de l\u2019Esprit Saint pour nous fortifier dans la foi et nous faire vivre pleinement la vie chr\u00e9tienne.\n\nChez Maman vous accueille dans ses jardins et organisera cette journ\u00e9e si sp\u00e9ciale avec vous.\n\nNous saurons vous conseiller et vous apporter notre savoir-faire tout en respectant vos souhaits.\nLe cadre se pr\u00eate parfaitement aux \u00e9v\u00e8nements familiaux, vous serez re\u00e7us dans un \u00e9crin de verdure, notre jardin am\u00e9nag\u00e9 et notre terrasse pourra accueillir les petits et les grands, un parking est \u00e9galement \u00e0 disposition.\nVous pourrez profiter de cette journ\u00e9e en privatisant les lieux pour vos proches.\n\nNous vous conseillerons et nous travaillerons ensemble pour faire en ce sorte que ce jour soit aussi sp\u00e9cial et unique que chaque personne.                    <\/div>\n                                    <\/div>\n\n                                <div class=\"elementskit-box-footer\">\n                    <div class=\"box-footer\">\n                        <div class=\"btn-wraper\">\n                                                            <a href=\"mailto:info@chezmaman.ch\" class=\"elementskit-btn whitespace--normal\">\n                                    \n                                    \n                                    Contact                                <\/a>\n                                                        <\/div>\n                    <\/div>\n                <\/div>\n                            <\/div>\n            <\/div>\n    <\/div>\t\t\t\t<\/div>\n\t\t\t\t<\/div>\n\t\t\t\t\t<\/div>\n\t\t<\/div>\n\t\t\t\t<div class=\"elementor-column elementor-col-50 elementor-inner-column elementor-element elementor-element-f33728f elementor-invisible\" data-id=\"f33728f\" data-element_type=\"column\" data-e-type=\"column\" data-settings=\"{&quot;animation&quot;:&quot;fadeInUp&quot;}\">\n\t\t\t<div class=\"elementor-widget-wrap elementor-element-populated\">\n\t\t\t\t\t\t<div class=\"elementor-element elementor-element-a0667a7 ekit-equal-height-disable elementor-widget elementor-widget-elementskit-image-box\" data-id=\"a0667a7\" data-element_type=\"widget\" data-e-type=\"widget\" data-widget_type=\"elementskit-image-box.default\">\n\t\t\t\t<div class=\"elementor-widget-container\">\n\t\t\t\t\t<div class=\"ekit-wid-con\" >\n            <div class=\"elementskit-info-image-box ekit-image-box text-left simple-card\" >\n\n                \n                <div class=\"elementskit-box-header image-box-img-left\">\n\n                    <img loading=\"lazy\" decoding=\"async\" width=\"1200\" height=\"800\" src=\"https:\/\/chezmaman.ch\/wp-content\/uploads\/2023\/06\/1254589-2.jpg\" class=\"attachment-full size-full wp-image-343\" alt=\"1254589 2\" srcset=\"https:\/\/chezmaman.ch\/wp-content\/uploads\/2023\/06\/1254589-2.jpg 1200w, https:\/\/chezmaman.ch\/wp-content\/uploads\/2023\/06\/1254589-2-300x200.jpg 300w, https:\/\/chezmaman.ch\/wp-content\/uploads\/2023\/06\/1254589-2-1024x683.jpg 1024w, https:\/\/chezmaman.ch\/wp-content\/uploads\/2023\/06\/1254589-2-768x512.jpg 768w, https:\/\/chezmaman.ch\/wp-content\/uploads\/2023\/06\/1254589-2-18x12.jpg 18w\" sizes=\"(max-width: 1200px) 100vw, 1200px\" \/>\n                <\/div>\n                \n                <div class=\"elementskit-box-body ekit-image-box-body\">\n                    <div class=\"elementskit-box-content ekit-image-box-body-inner\">\n                                                <h3 class=\"elementskit-info-box-title\">\n\n                        BUSINESS EVENT\n                        \n                    <\/h3>\n                                                            <div class=\"elementskit-box-style-content\">\n                        Chez Maman c\u2019est aussi un endroit propice au travail d\u2019\u00e9quipe.\nNous avons eu le plaisir de travailler avec de grandes enseignes qui nous ont fait confiance pour organiser leur business lunch ou leurs r\u00e9unions de travail.\nNous avons la possibilit\u00e9 d\u2019organiser vos repas d\u2019affaires ainsi que vos r\u00e9unions, en fonction de vos besoins et de ce que vous souhaitez.\n\nNous disposons d\u2019un espace de r\u00e9union dans un cadre atypique : un salon sous les charpentes de notre b\u00e2tisse, avec \u00e0 disposition, un r\u00e9troprojecteur, une t\u00e9l\u00e9vision et un service sur place avec une cuisine am\u00e9ricaine ouverte sur le salon.\n\nVous pourrez donner \u00e0 votre r\u00e9union un aspect chaleureux et convivial en faisant appel \u00e0 un de nos chef passionn\u00e9 qui pourra concocter un business lunch devant vous !\n\nDonnez une nouvelle dimension au coworking !                    <\/div>\n                                    <\/div>\n\n                                <div class=\"elementskit-box-footer\">\n                    <div class=\"box-footer\">\n                        <div class=\"btn-wraper\">\n                                                            <a href=\"mailto:info@chezmaman.ch\" class=\"elementskit-btn whitespace--normal\">\n                                    \n                                    \n                                    Contactez Nous                                <\/a>\n                                                        <\/div>\n                    <\/div>\n                <\/div>\n                            <\/div>\n            <\/div>\n    <\/div>\t\t\t\t<\/div>\n\t\t\t\t<\/div>\n\t\t\t\t\t<\/div>\n\t\t<\/div>\n\t\t\t\t\t<\/div>\n\t\t<\/section>\n\t\t\t\t\t<\/div>\n\t\t<\/div>\n\t\t\t\t\t<\/div>\n\t\t<\/section>\n\t\t\t\t<\/div>","protected":false},"excerpt":{"rendered":"<p>Our Services AT YOUR SERVICE ! Discover Chez Maman day-to-day events in our warm and cozy Hotel-Restaurant or, on request, for special occasions. Discover the joy of your own home\u200b MARIAGE The place of reception is the first thing to find after the date when you engage in the organization of your wedding. This choice [&hellip;]<\/p>\n","protected":false},"author":1,"featured_media":0,"parent":0,"menu_order":0,"comment_status":"closed","ping_status":"closed","template":"","meta":{"footnotes":""},"class_list":["post-264","page","type-page","status-publish","hentry"],"_links":{"self":[{"href":"https:\/\/chezmaman.ch\/fr\/wp-json\/wp\/v2\/pages\/264","targetHints":{"allow":["GET"]}}],"collection":[{"href":"https:\/\/chezmaman.ch\/fr\/wp-json\/wp\/v2\/pages"}],"about":[{"href":"https:\/\/chezmaman.ch\/fr\/wp-json\/wp\/v2\/types\/page"}],"author":[{"embeddable":true,"href":"https:\/\/chezmaman.ch\/fr\/wp-json\/wp\/v2\/users\/1"}],"replies":[{"embeddable":true,"href":"https:\/\/chezmaman.ch\/fr\/wp-json\/wp\/v2\/comments?post=264"}],"version-history":[{"count":31,"href":"https:\/\/chezmaman.ch\/fr\/wp-json\/wp\/v2\/pages\/264\/revisions"}],"predecessor-version":[{"id":740,"href":"https:\/\/chezmaman.ch\/fr\/wp-json\/wp\/v2\/pages\/264\/revisions\/740"}],"wp:attachment":[{"href":"https:\/\/chezmaman.ch\/fr\/wp-json\/wp\/v2\/media?parent=264"}],"curies":[{"name":"wp","href":"https:\/\/api.w.org\/{rel}","templated":true}]}}