{"id":680,"date":"2023-09-12T07:06:23","date_gmt":"2023-09-12T07:06:23","guid":{"rendered":"https:\/\/chezmaman.ch\/?page_id=680"},"modified":"2023-09-12T12:38:19","modified_gmt":"2023-09-12T12:38:19","slug":"privacy-policy","status":"publish","type":"page","link":"https:\/\/chezmaman.ch\/fr\/privacy-policy\/","title":{"rendered":"Politique de confidentialit\u00e9"},"content":{"rendered":"<div data-elementor-type=\"wp-page\" data-elementor-id=\"680\" class=\"elementor elementor-680\">\n\t\t\t\t\t\t<section class=\"elementor-section elementor-top-section elementor-element elementor-element-2e8b117 elementor-section-boxed elementor-section-height-default elementor-section-height-default\" data-id=\"2e8b117\" data-element_type=\"section\" data-e-type=\"section\">\n\t\t\t\t\t\t<div class=\"elementor-container elementor-column-gap-default\">\n\t\t\t\t\t<div class=\"elementor-column elementor-col-100 elementor-top-column elementor-element elementor-element-bbeb58a\" data-id=\"bbeb58a\" data-element_type=\"column\" data-e-type=\"column\">\n\t\t\t<div class=\"elementor-widget-wrap elementor-element-populated\">\n\t\t\t\t\t\t<div class=\"elementor-element elementor-element-3ea9032 elementor-widget elementor-widget-text-editor\" data-id=\"3ea9032\" data-element_type=\"widget\" data-e-type=\"widget\" data-widget_type=\"text-editor.default\">\n\t\t\t\t<div class=\"elementor-widget-container\">\n\t\t\t\t\t\t\t\t\t<p><i><b>Politique de confidentialit\u00e9<\/b> <br \/>Derni\u00e8re mise \u00e0 jour le 12 septembre 2023 <br \/>Date d'entr\u00e9e en vigueur le 12 septembre 2023<\/i><\/p><p>This Privacy Policy describes the policies of Chez Maman, 2, Rampe Quidort, GENEVA 1227 Acacias, Switzerland, email: info@chezmaman.ch, phone: 022 792 89 44 on the collection, use and disclosure of your information that we collect when you use our website ( <a href=\"https:\/\/chezmaman.ch\/fr\/\">https:\/\/chezmaman.ch\/<\/a> ). (the \u201cService\u201d). By accessing or using the Service, you are consenting to the collection, use and disclosure of your information in accordance with this Privacy Policy. If you do not consent to the same, please do not access or use the Service. <br \/>Nous pouvons modifier cette Politique de confidentialit\u00e9 \u00e0 tout moment sans pr\u00e9avis, et nous publierons la Politique de confidentialit\u00e9 r\u00e9vis\u00e9e sur le Service. La politique r\u00e9vis\u00e9e entrera en vigueur 180 jours apr\u00e8s sa publication sur le Service, et votre acc\u00e8s continu ou votre utilisation du Service apr\u00e8s cette p\u00e9riode constitue votre acceptation de la Politique de confidentialit\u00e9 r\u00e9vis\u00e9e. Par cons\u00e9quent, nous vous recommandons de consulter p\u00e9riodiquement cette page.<\/p><p><b>Informations que nous collectons :<\/b> <br \/>Nous collecterons et traiterons les informations personnelles suivantes vous concernant :<\/p><p>Nom<br \/>Email<br \/>Mobile<\/p><p><b>Conservation de vos informations : <\/b><br \/>Nous conserverons vos informations personnelles pendant une p\u00e9riode de 90 jours \u00e0 2 ans apr\u00e8s la r\u00e9siliation de votre compte utilisateur, ou aussi longtemps que n\u00e9cessaire pour atteindre les objectifs pour lesquels elles ont \u00e9t\u00e9 collect\u00e9es, comme d\u00e9taill\u00e9 dans cette Politique de confidentialit\u00e9. Nous pourrions avoir besoin de conserver certaines informations pendant des p\u00e9riodes plus longues, notamment pour des obligations de tenue de registres, de rapport conform\u00e9ment \u00e0 la loi applicable, ou pour d'autres raisons l\u00e9gitimes telles que la protection des droits l\u00e9gaux, la pr\u00e9vention de la fraude, etc. Les informations r\u00e9siduelles anonymes et les informations agr\u00e9g\u00e9es, qui ne vous identifient pas (directement ou indirectement), peuvent \u00eatre conserv\u00e9es ind\u00e9finiment.<\/p><p><b>Vos droits: <\/b><br \/>Depending on the law that applies, you may have a right to access and rectify or erase your personal data or receive a copy of your personal data, restrict or object to the active processing of your data, ask us to share (port) your personal information to another entity, withdraw any consent you provided to us to process your data, a right to lodge a complaint with a statutory authority and such other rights as may be relevant under applicable laws. To exercise these rights, you can write to us at <a href=\"mailto:info@chezmaman.ch\">info@chezmaman.ch.<\/a> We will respond to your request in accordance with applicable law. <br \/>Notez que si vous ne nous autorisez pas \u00e0 collecter ou \u00e0 traiter les informations personnelles requises, ou si vous retirez votre consentement au traitement des m\u00eames informations aux fins requises, vous pourriez ne pas \u00eatre en mesure d'acc\u00e9der ou d'utiliser les services pour lesquels vos informations ont \u00e9t\u00e9 demand\u00e9es.<\/p><p><b>Cookies Etc. <\/b><br \/>Pour en savoir plus sur la mani\u00e8re dont nous utilisons ces technologies de suivi et sur vos choix en relation avec ces derni\u00e8res, veuillez vous r\u00e9f\u00e9rer \u00e0 notre Politique de cookies.<\/p><p><b>S\u00e9curit\u00e9: <\/b><br \/>La s\u00e9curit\u00e9 de vos informations est importante pour nous, et nous utiliserons des mesures de s\u00e9curit\u00e9 raisonnables pour pr\u00e9venir la perte, l'utilisation abusive ou la modification non autoris\u00e9e de vos informations sous notre contr\u00f4le. Cependant, compte tenu des risques inh\u00e9rents, nous ne pouvons garantir une s\u00e9curit\u00e9 absolue, et par cons\u00e9quent, nous ne pouvons assurer ni garantir la s\u00e9curit\u00e9 de toute information que vous nous transmettez, et vous le faites \u00e0 vos propres risques.<\/p><p><b>Plaintes \/ D\u00e9l\u00e9gu\u00e9 \u00e0 la protection des donn\u00e9es : <\/b><br \/>If you have any queries or concerns about the processing of your information that is available with us, you may email our Officer at Chez Maman, 2, Rampe Quidort, email: <a href=\"mailto:info@chezmaman.ch\">info@chezmaman.ch<\/a>. We will address your concerns in accordance with applicable law.<\/p>\t\t\t\t\t\t\t\t<\/div>\n\t\t\t\t<\/div>\n\t\t\t\t\t<\/div>\n\t\t<\/div>\n\t\t\t\t\t<\/div>\n\t\t<\/section>\n\t\t\t\t<\/div>","protected":false},"excerpt":{"rendered":"<p>Privacy Policy Last Updated On 12-Sep-2023 Effective Date 12-Sep-2023 This Privacy Policy describes the policies of Chez Maman, 2, Rampe Quidort, GENEVA 1227 Acacias, Switzerland, email: info@chezmaman.ch, phone: 022 792 89 44 on the collection, use and disclosure of your information that we collect when you use our website ( https:\/\/chezmaman.ch\/ ). (the \u201cService\u201d). By [&hellip;]<\/p>\n","protected":false},"author":1,"featured_media":0,"parent":0,"menu_order":0,"comment_status":"closed","ping_status":"closed","template":"","meta":{"footnotes":""},"class_list":["post-680","page","type-page","status-publish","hentry"],"_links":{"self":[{"href":"https:\/\/chezmaman.ch\/fr\/wp-json\/wp\/v2\/pages\/680","targetHints":{"allow":["GET"]}}],"collection":[{"href":"https:\/\/chezmaman.ch\/fr\/wp-json\/wp\/v2\/pages"}],"about":[{"href":"https:\/\/chezmaman.ch\/fr\/wp-json\/wp\/v2\/types\/page"}],"author":[{"embeddable":true,"href":"https:\/\/chezmaman.ch\/fr\/wp-json\/wp\/v2\/users\/1"}],"replies":[{"embeddable":true,"href":"https:\/\/chezmaman.ch\/fr\/wp-json\/wp\/v2\/comments?post=680"}],"version-history":[{"count":10,"href":"https:\/\/chezmaman.ch\/fr\/wp-json\/wp\/v2\/pages\/680\/revisions"}],"predecessor-version":[{"id":690,"href":"https:\/\/chezmaman.ch\/fr\/wp-json\/wp\/v2\/pages\/680\/revisions\/690"}],"wp:attachment":[{"href":"https:\/\/chezmaman.ch\/fr\/wp-json\/wp\/v2\/media?parent=680"}],"curies":[{"name":"wp","href":"https:\/\/api.w.org\/{rel}","templated":true}]}}